


{"id":781,"date":"2026-01-21T08:24:18","date_gmt":"2026-01-21T07:24:18","guid":{"rendered":"http:\/\/anton-wimmer.de\/partner\/"},"modified":"2026-01-21T08:24:30","modified_gmt":"2026-01-21T07:24:30","slug":"partner","status":"publish","type":"page","link":"https:\/\/hunger-maschinen.de\/en\/partner\/","title":{"rendered":"Partner"},"content":{"rendered":"<h2>our partner worldwide<\/h2>\n<p>With 3 domestic sales agent and representatives in more than 40 countries worldwide we provide on site presence, advise and service.<\/p>\n<p><img loading=\"lazy\" decoding=\"async\" class=\"alignnone size-medium wp-image-1500\" src=\"https:\/\/hunger-maschinen.de\/wp-content\/uploads\/2019\/07\/worldmap-300x157.gif\" alt=\"\" width=\"300\" height=\"157\" \/><\/p>\n<h3>Germany<\/h3>\n<h5>Nordrhein-Westfalen, Rheinland-Pfalz Nord, Niedersachsen S\u00fcd, Nordhessen, Saarland<\/h5>\n<p>K.A. Dienstleistungen<br \/>\nSchleddebreite 13<br \/>\nD &#8211; 59505 Bad Sassendorf<br \/>\nTel: 0049 (0)2921\/54151<br \/>\nMobile: 0049 (0)171\/5306311<br \/>\n<a href=\"mailto:argleb@t-online.de\">argleb@t-online.de<\/a><\/p>\n<h5>Bayern, Sachsen, Th\u00fcringen, S\u00fcdhessen, Baden-W\u00fcrttemberg, Norddeutschland<\/h5>\n<p>Dieter Hinze<br \/>\nR\u00f6merhang 6<br \/>\nD &#8211; 86899 Landsberg<br \/>\nTelefon: 049 (0)8191\/21974<br \/>\nFax: 0049 (0)8191\/22416<br \/>\nMobile: 0049 (0)172\/8970428<br \/>\n<a href=\"mailto:hinze.industrievertretung@t-online.de\">hinze.industrievertretung@t-online.de<\/a><\/p>\n<h5>Berlin, Brandenburg, Sachsen-Anhalt, Mecklenburg-Vorpommern<\/h5>\n<p>Rene Henze<br \/>\nIndustrievertretung<br \/>\nZei\u00dfpfad 80<br \/>\nD &#8211; 12305 Berlin<br \/>\nTel.: 0049 (0)30\/7471550<br \/>\nFax: 0049 (0)30\/76105657<br \/>\nMobile: 0049 (0)177\/3264067<br \/>\n<a href=\"mailto:renehenze@t-online.de\">renehenze@t-online.de<\/a><br \/>\n<a href=\"http:\/\/www.henze-industrievertretung.de\">www.henze-industrievertretung.de<\/a><\/p>\n<h3>Europe<\/h3>\n<h5>Austria<\/h5>\n<p>Supanz GmbH<br \/>\nWerkzeuge &#8211; Maschinen<br \/>\nLofererstr. 12<br \/>\nA &#8211; 6322 Kirchbichl<br \/>\nTel.: 0043\/5332-74172<br \/>\nFax: 0043\/5332-75137<br \/>\n<a href=\"mailto:info@supanz.at\">info@supanz.at<\/a><br \/>\n<a href=\"http:\/\/www.supanz.at\">www.supanz.at<\/a><\/p>\n<h5>Belarus<\/h5>\n<p>Not available at the moment<\/p>\n<h5>Belgium<\/h5>\n<p>BPR bvba<br \/>\nOude Schrieken 6<br \/>\nB &#8211; 2223 Schriek<br \/>\nTel.: 0032-15\/362915<br \/>\nMobile: 0032-484\/801659<br \/>\n<a href=\"mailto:sales@bprbvba.be\">sales@bprbvba.be<\/a><br \/>\n<a href=\"http:\/\/www.bprbvba.be\">www.bprbvba.be<\/a><\/p>\n<h5>Croatia<\/h5>\n<p>Auto Hrvatska Prodajno Servisni Centri d.o.o.<br \/>\nZastavnice 25C<br \/>\nHR &#8211; 10251 Hrvatski Leskovac<br \/>\nTel.: 00385\/1-6167-714<br \/>\nFax: 00385\/1-6167-622<br \/>\n<a href=\"mailto:marko.kovac@autohrvatska.hr\">marko.kovac@autohrvatska.hr<\/a><br \/>\n<a href=\"http:\/\/www.autohrvatska.hr\">www.autohrvatska.hr<\/a><\/p>\n<h5>Czech Republic<\/h5>\n<p>AD TECHNIK, s.r.o.<br \/>\nMoskevska 1569\/65b<br \/>\nCZ &#8211; 10100 Praha 10<br \/>\nTel.: 00420\/2-72072331<br \/>\n<a href=\"mailto:pavel.bartoska@adtechnik.cz\">pavel.bartoska@adtechnik.cz<\/a><br \/>\n<a href=\"http:\/\/www.adtechnik.cz\">www.adtechnik.cz<\/a><\/p>\n<h5>Denmark<\/h5>\n<p>Stenh\u00f6j (NEXION NORTHERN EUROPE A\/S)<br \/>\nBarrit Langgade 180 &#8211; 190<br \/>\nDK &#8211; 7150 Barrit<br \/>\nTel.: 0045 76 82 1222<br \/>\n<a href=\"mailto:salgdk@stenhoj.dk\">salgdk@stenhoj.dk<\/a><br \/>\n<a href=\"http:\/\/www.stenhoj.dk\">www.stenhoj.dk<\/a><\/p>\n<h5>Finland<\/h5>\n<p>Finntest Oy<br \/>\nCarworkshop Equipments<br \/>\nAnsatie 1<br \/>\nFI &#8211; 01740 Vantaa<br \/>\nMobile: 00358 50 491 2958<br \/>\n<a href=\"mailto:mirka.laine@finntest.fi\">mirka.laine@finntest.fi<\/a><br \/>\n<a href=\"http:\/\/www.finntest.fi\">www.finntest.fi<\/a><\/p>\n<h5>France<\/h5>\n<p>TRUCK<br \/>\nStertil Equip V.I.<br \/>\nRue Lamedin<br \/>\nF &#8211; 62660 Beuvry<br \/>\nTel.: 0033\/3-21543000<br \/>\nFax: 0033\/3-21568741<br \/>\n<a href=\"mailto:info@stertil-equipvi.fr\">info@stertil-equipvi.fr<\/a><br \/>\n<a href=\"http:\/\/www.stertil-equipvi.fr\">www.stertil-equipvi.fr<\/a><\/p>\n<p>CAR<br \/>\nLauragais Diffusion &#8211; Freins Service<br \/>\nBuvry Pierre Alain<br \/>\nPlace du chateau<br \/>\nF &#8211; 31290 Vallegue<br \/>\nTel.: 0033\/5-34 66 48 38<br \/>\nFax: 0033\/5-34 66 48 47<br \/>\n<a href=\"mailto:buvry@aol.com\">buvry@aol.com<\/a><\/p>\n<h5>France Oversea, Reunion<\/h5>\n<p>CATOI<br \/>\n15 rue Jules Hermann<br \/>\nF\u00dcG &#8211; Sainte Clotilde, Reunion<br \/>\nTel.: 00262\/262-484777<br \/>\nFax: 00262\/262-484780<br \/>\n<a href=\"mailto:commercial@catoi.re\">commercial@catoi.re<\/a><\/p>\n<h5>Great Britain<\/h5>\n<p>Ludwig Hunger Maschinenfabrik GmbH<br \/>\nLudwig-Hunger-Str. 1<br \/>\nD &#8211; 86916 Kaufering\/Germany<br \/>\nTel.: 0049\/8191-6650<br \/>\nFax: 0049\/8191-66525<br \/>\n<a href=\"mailto:vertrieb@hunger-maschinen.de\">vertrieb@hunger-maschinen.de<\/a><br \/>\n<a href=\"http:\/\/www.hunger-maschinen.de\">www.hunger-maschinen.de<\/a><\/p>\n<h5>Hungary<\/h5>\n<p>Ludwig Hunger Maschinenfabrik GmbH<br \/>\nLudwig-Hunger-Str. 1<br \/>\nD &#8211; 86916 Kaufering\/Germany<br \/>\nTel.: 0049\/8191-6650<br \/>\nFax: 0049\/8191-66525<br \/>\n<a href=\"mailto:vertrieb@hunger-maschinen.de\">vertrieb@hunger-maschinen.de<\/a><br \/>\n<a href=\"http:\/\/www.hunger-maschinen.de\">www.hunger-maschinen.de<\/a><\/p>\n<h5>Luxembourg<\/h5>\n<p>Auto-Parts S.A.R.L.<br \/>\n70, Rue de Cessange<br \/>\nL &#8211; Luxemburg<br \/>\nTel.: 00352\/481811<br \/>\nFax: 00352\/491103<br \/>\n<a href=\"mailto:info@apl.lu\">info@apl.lu<\/a><br \/>\n<a href=\"http:\/\/www.apl.lu\">www.apl.lu<\/a><\/p>\n<h5>Netherlands<\/h5>\n<p>Cartech BV h\/o Superspark<br \/>\nBoekweitskorrel 9a<br \/>\nNL &#8211; 1251 ZH Laren<br \/>\nTel.: 0031\/35-5389514<br \/>\nFax: 0031\/35-5387546<br \/>\n<a href=\"mailto:info@cartech.nl\">info@cartech.nl<\/a><\/p>\n<h5>Norway<\/h5>\n<p>Trygve Wettre<br \/>\n\u00c4sdalsvei 60<br \/>\nN &#8211; 1167 Oslo<br \/>\nTel.: 0047\/90942237<br \/>\n<a href=\"mailto:t.i.w@hotmail.no\">t.i.w@hotmail.no<\/a><\/p>\n<h5>Poland<\/h5>\n<p>Best Products ul.<br \/>\nCzarnkowska 8<br \/>\nPL &#8211; 60419 Poznan<br \/>\nTel.: 0048\/61-8470655<br \/>\nFax: 0048\/61-8488624<br \/>\n<a href=\"mailto:bestprod@best-prod.com\">bestprod@best-prod.com<\/a><br \/>\nwww.best-prod.com<\/p>\n<h5>Romania<\/h5>\n<p>Total Trading SRL<br \/>\nGarage equipments<br \/>\nCalea Bucuresti no. 89A<br \/>\nRO &#8211; 077017 Saftica<br \/>\nTel.: 0040\/213522407<br \/>\n<a href=\"mailto:vanzari@totaltrading.ro\">vanzari@totaltrading.ro<\/a><br \/>\n<a href=\"http:\/\/www.totaltrading.ro\">www.totaltrading.ro<\/a><\/p>\n<h5>Russia<\/h5>\n<p>TRUCK<br \/>\nNot available at the moment<\/p>\n<p>CAR &amp; TRUCK<br \/>\nNot available at the moment<\/p>\n<h5>Slovenia<\/h5>\n<p>ASER d.o.o.<br \/>\nBrodisce 7<br \/>\nSLO &#8211; 1236 Trzin<br \/>\nTel.: 00386\/1-5631126<br \/>\nFax: 00386\/1-5631128<br \/>\n<a href=\"mailto:info@aser.si\">info@aser.si<\/a><br \/>\n<a href=\"http:\/\/www.aser.si\">www.aser.si<\/a><\/p>\n<h5>Spain<\/h5>\n<p>TRUCK<br \/>\nSEFAC SPAIN Uno, S.A.<br \/>\nCamino de Rejas, 1 &#8211; Nave 10<br \/>\nE &#8211; 28820 Coslada (Madrid)<br \/>\nTel.: 0034\/91.6723612<br \/>\nFax: 0034\/91-6723396<br \/>\n<a href=\"mailto:info@sefac.es\">info@sefac.es<\/a><br \/>\n<a href=\"http:\/\/www.sefac.es\">www.sefac.es<\/a><\/p>\n<p>CAR<br \/>\nCasermovil S.A.<br \/>\nC\/la Corona, s\/n Parcela 4-1<br \/>\nE &#8211; 03114 Alicante<br \/>\nTel.: 0034\/965-107431<br \/>\n<a href=\"mailto:casermovil@casermovil.com\">casermovil@casermovil.com<\/a><br \/>\n<a href=\"http:\/\/www.casermovil.com\">www.casermovil.com<\/a><\/p>\n<h5>Sweden<\/h5>\n<p>Ernst HJ Rydahls<br \/>\nBromsbandfabrik AB<br \/>\nBrisgatan 19<br \/>\nS &#8211; 65221 Karlstad<br \/>\nTel.: 0046\/10-5509425<br \/>\nFax: 0046\/54-851058<br \/>\n<a href=\"mailto:linnea.johansson@rydahls.se\">linnea.johansson@rydahls.se<\/a><br \/>\n<a href=\"http:\/\/www.rydahls.se\">www.rydahls.se<\/a><\/p>\n<h5>Switzerland<\/h5>\n<p>SAFIA<br \/>\nGarage- und Industriebedarf AG<br \/>\nFreiburgstr. 596<br \/>\nCH &#8211; 3172 Niederwangen<br \/>\nTel.: 0041\/31-9909999<br \/>\n<a href=\"mailto:info@safia.ch\">info@safia.ch<\/a><br \/>\n<a href=\"http:\/\/www.safia.ch\">www.safia.ch<\/a><\/p>\n<h5>Turkey<\/h5>\n<p>Yardimcilar Otomotiv Ticaret<br \/>\nDolapdere San.Sit.13<br \/>\nAda No:51 Ikitelli<br \/>\nTR &#8211; 34670 Istanbul Turkey<br \/>\nTel.: 0090 212 5496020<br \/>\nFax: 0090 212 5493733<br \/>\n<a href=\"mailto:vakur.yardimci@yardimcilar.com.tr\">vakur.yardimci@yardimcilar.com.tr<\/a><br \/>\n<a href=\"http:\/\/www.yardimcilar.com.tr\">www.yardimcilar.com.tr<\/a><\/p>\n<h3>North America<\/h3>\n<h5>Canada<\/h5>\n<p>MAN Engines &amp; Components<br \/>\n591 SW 13th Terrace<br \/>\nUSA &#8211; Pompano Beach, FL 33069<br \/>\nTel.: 001 954 9469092<br \/>\n<a href=\"mailto:mecinfo@man-mec.com\">mecinfo@man-mec.com<\/a><\/p>\n<h5>USA<\/h5>\n<p>MAN Engines &amp; Components<br \/>\n591 SW 13th Terrace<br \/>\nUSA &#8211; Pompano Beach, FL 33069<br \/>\nTel.: 001 954 9469092<br \/>\n<a href=\"mailto:mecinfo@man-mec.com\">mecinfo@man-mec.com<\/a><\/p>\n<h3>South America<\/h3>\n<h5>Argentina<\/h5>\n<p>ABASTECK &#8211; Car Check<br \/>\nAv. Andres Rolon 124 &#8211; 1 B<br \/>\nRA &#8211; 1642 San Isidro, Buenos Aires<br \/>\nTel.: 0054\/1147234889<br \/>\nFax: 0054\/1147231032<br \/>\n<a href=\"mailto:abasteck@abasteck.com.ar\">abasteck@abasteck.com.ar<\/a><\/p>\n<h5>Chile<\/h5>\n<p>INDUBAL<br \/>\nCamino a Melipilla 10650, Maip\u00fa<br \/>\nRCH &#8211; Santiago 9260060<br \/>\nTel.: 0056 2 25109100<br \/>\nFax: 0056 2 25109141<br \/>\n<a href=\"mailto:indubal@indubal.cl\">indubal@indubal.cl<\/a><br \/>\n<a href=\"http:\/\/www.indubal.com\">www.indubal.com<\/a><\/p>\n<h5>Ecuador<\/h5>\n<p>Frenoseguro CIA. Ltda.<br \/>\nAv. Juan Tanca Marengo km 5.5<br \/>\nEC &#8211; Guayaquil<br \/>\nTel.: 0059\/342254027<br \/>\nFax: 0059\/342255640<br \/>\n<a href=\"mailto:frenos02@frenoseguro.com\">frenos02@frenoseguro.com<\/a><br \/>\n<a href=\"http:\/\/www.frenoseguro.com\">www.frenoseguro.com<\/a><\/p>\n<h5>Peru<\/h5>\n<p>AUTOREX PERUANA S.A.<br \/>\nAv.Rep. De. Panam\u00e1 4045<br \/>\nPE &#8211; Lima 34<br \/>\nTel.: 00511\/475-5453<br \/>\nFax: 00511\/475-5910<br \/>\n<a href=\"mailto:enava@autorex.com.pe\">enava@autorex.com.pe<\/a><br \/>\n<a href=\"http:\/\/www.autorex.com.pe\">www.autorex.com.pe<\/a><\/p>\n<h3>Africa<\/h3>\n<h5>Egypt<\/h5>\n<p>AUTOTECH<br \/>\n70 Maryotia Street<br \/>\nET &#8211; Haram, Giza<br \/>\nTel.: +202-3745 7342<br \/>\nFax: +202-3745 7342<br \/>\n<a href=\"mailto:info@autotech-eg.com\">info@autotech-eg.com<\/a><br \/>\n<a href=\"http:\/\/www.autotech-eg.com\">www.autotech-eg.com<\/a><\/p>\n<h5>South Africa<\/h5>\n<p>Syco Machinery Suppliers (Pty) Ltd.<br \/>\nP.O. Box 8456<br \/>\nZA &#8211; 2000 Johannesburg<br \/>\nTel.: 0027\/11-6226469<br \/>\nFax: 0027\/11-6228920<br \/>\n<a href=\"mailto:info@hpaatz.co.za\">info@hpaatz.co.za<\/a><br \/>\n<a href=\"http:\/\/www.hpaatz.co.za\">www.hpaatz.co.za<\/a><\/p>\n<h5>Tanzania<\/h5>\n<p>Superdoll Trailer Manufacture Co.<br \/>\nP.O. Box 16541<br \/>\nEAT &#8211; Dar Es Salaam<br \/>\nTel.: 00255-2228609301<br \/>\nFax: 00255-222865412<br \/>\n<a href=\"mailto:stm@superdoll-tz.com\">stm@superdoll-tz.com<\/a><br \/>\n<a href=\"http:\/\/www.superdoll-tz.com\">www.superdoll-tz.com<\/a><\/p>\n<h3>Asia<\/h3>\n<h5>China<\/h5>\n<p>LKW:<br \/>\nBeijing Shengchang<br \/>\nTechnology &amp; Trade Co., LTD.<br \/>\nRoom 2104, Tower 2, Building 1 (1-2-2104) Leading International Business Center<br \/>\nNo.1 Nanxiaojie, Guangqumen Chongwen District<br \/>\nVRC &#8211; Beijing 100061<br \/>\nTel.: +86\/10-6715 0505<br \/>\nFax: +86\/10-6715 6667<br \/>\n<a href=\"mailto:bsc506@126.com\">bsc506@126.com<\/a><br \/>\n<a href=\"http:\/\/www.shengchang.biz\">www.shengchang.biz<\/a><\/p>\n<p>PKW:<br \/>\nJUNCTION T&amp;T (SHANGHAI) CO.,LTD.<br \/>\nAutomobile equipment<br \/>\nNo.2 Building, No.7001 Zhongchun Road<br \/>\nVRC &#8211; 200030 Shanghai<br \/>\nTel.: +86-21-64615401<br \/>\nFax: +86-21-54858072<br \/>\n<a href=\"mailto:herry@junction.sh.cn\">herry@junction.sh.cn<\/a><br \/>\n<a href=\"http:\/\/www.junction.sh.cn\">www.junction.sh.cn<\/a><\/p>\n<h5>Israel<\/h5>\n<p>Nikos Consultants<br \/>\n22 David Raziel St.<br \/>\nIL &#8211; Herzelia 4681222<br \/>\nTel.: 00972\/9-9704800<br \/>\n<a href=\"mailto:nikos@netvision.net.il\">nikos@netvision.net.il<\/a><\/p>\n<h5>Japan<\/h5>\n<p>Kokuka Shokai Co., Ltd.<br \/>\n5-23, Chikamadori, Minami-ku<br \/>\nJ &#8211; Nagoya, 457-0071<br \/>\nTel.: +815\/28235700<br \/>\nFax: +815\/28235720<br \/>\n<a href=\"mailto:ken-sakai@kokuka-group.co.jp\">ken-sakai@kokuka-group.co.jp<\/a><br \/>\n<a href=\"http:\/\/www.kokuka-group.co.jp\">www.kokuka-group.co.jp<\/a><\/p>\n<h5>Malaysia<\/h5>\n<p>Newera Equipment Supply<br \/>\nSDN. BHD. No. 9, Jalan 51\/201<br \/>\nMAL &#8211; 46710 Petaling Jaya Selangor<br \/>\nTel.: 0060\/3-77818155<br \/>\nFax: 0060\/3-77813616<br \/>\n<a href=\"mailto:auto@newera.po.my\">auto@newera.po.my<\/a><br \/>\n<a href=\"http:\/\/www.newera.po.my\">www.newera.po.my<\/a><\/p>\n<h5>Pakistan<\/h5>\n<p>Techno Industrial Machinery Enterprise<br \/>\n3\/C, 2nd Floor Lacasa Centre<br \/>\nCommercial Area &#8220;A&#8221; DHA Phase II, Main Korangi Road<br \/>\nPAK &#8211; 75500 Karachi<br \/>\nTel.: 0092\/215887923<br \/>\nTel.: 0092\/2158877634<br \/>\nFax: 0092\/215887637<br \/>\n<a href=\"mailto:alamgir@time.net.pk\">alamgir@time.net.pk<\/a><br \/>\n<a href=\"http:\/\/www.time.net.pk\">www.time.net.pk<\/a><\/p>\n<h5>Singapur<\/h5>\n<p>Newera Equipmet PTE LTD<br \/>\n63 Tampines Industrial Avenue 5<br \/>\nT5@ Tampines<br \/>\nSGP &#8211; Singapore 528641<br \/>\nTel.: 0065\/62410411<br \/>\n<a href=\"mailto:info@neweraequipment.com\">info@neweraequipment.com<\/a><br \/>\n<a href=\"https:\/\/www.neweraequipment.com\">www.neweraequipment.com<\/a><\/p>\n<h5>South Korea<\/h5>\n<p>PRIME Engineering Company<br \/>\n2 floor Sungwon Bldg.<br \/>\n420-21, Sungnea-Dong<br \/>\nROK &#8211; Kangdong-KU, Seoul, Korea<br \/>\nTel.: 0082\/24768330<br \/>\nFax: 0082\/024768328<br \/>\n<a href=\"mailto:cho@primekorea.net\">cho@primekorea.net<\/a><br \/>\n<a href=\"http:\/\/www.primekorea.net\">www.primekorea.net<\/a><\/p>\n<h5>Thailand<\/h5>\n<p>KITCHA Advance Technology Co.,Ltd.<br \/>\n60\/47 Soi Choke CHai 4,<br \/>\nLadprao Rd.<br \/>\nT &#8211; Ladprao,Bangkok 10230<br \/>\nTel.: +662\/9332814<br \/>\nFax: +662\/9332166<br \/>\n<a href=\"mailto:rakkiat@kitcha.com\">rakkiat@kitcha.com<\/a><br \/>\n<a href=\"http:\/\/www.kitcha.com\">www.kitcha.com<\/a><\/p>\n<h3>Oceania<\/h3>\n<h5>Australia<\/h5>\n<p>Ludwig Hunger Maschinenfabrik GmbH<br \/>\nLudwig-Hunger-Str. 1<br \/>\nD &#8211; 86916 Kaufering\/Germany<br \/>\nTel.: 0049\/8191-6650<br \/>\nFax: 0049\/8191-66525<br \/>\n<a href=\"mailto:vertrieb@hunger-maschinen.de\">vertrieb@hunger-maschinen.de<\/a><br \/>\n<a href=\"http:\/\/www.hunger-maschinen.de\">www.hunger-maschinen.de<\/a><\/p>\n<p>&nbsp;<\/p>\n<p>&nbsp;<\/p>\n","protected":false},"excerpt":{"rendered":"<p>our partner worldwide With 3 domestic sales agent and representatives in more than 40 countries worldwide we provide on site presence, advise and [&hellip;]<\/p>\n","protected":false},"author":9,"featured_media":0,"parent":0,"menu_order":0,"comment_status":"closed","ping_status":"closed","template":"","meta":{"inline_featured_image":false,"footnotes":""},"class_list":["post-781","page","type-page","status-publish","hentry"],"_links":{"self":[{"href":"https:\/\/hunger-maschinen.de\/en\/wp-json\/wp\/v2\/pages\/781","targetHints":{"allow":["GET"]}}],"collection":[{"href":"https:\/\/hunger-maschinen.de\/en\/wp-json\/wp\/v2\/pages"}],"about":[{"href":"https:\/\/hunger-maschinen.de\/en\/wp-json\/wp\/v2\/types\/page"}],"author":[{"embeddable":true,"href":"https:\/\/hunger-maschinen.de\/en\/wp-json\/wp\/v2\/users\/9"}],"replies":[{"embeddable":true,"href":"https:\/\/hunger-maschinen.de\/en\/wp-json\/wp\/v2\/comments?post=781"}],"version-history":[{"count":52,"href":"https:\/\/hunger-maschinen.de\/en\/wp-json\/wp\/v2\/pages\/781\/revisions"}],"predecessor-version":[{"id":2108,"href":"https:\/\/hunger-maschinen.de\/en\/wp-json\/wp\/v2\/pages\/781\/revisions\/2108"}],"wp:attachment":[{"href":"https:\/\/hunger-maschinen.de\/en\/wp-json\/wp\/v2\/media?parent=781"}],"curies":[{"name":"wp","href":"https:\/\/api.w.org\/{rel}","templated":true}]}}